{"id":399,"date":"2022-06-24T04:29:22","date_gmt":"2022-06-24T04:29:22","guid":{"rendered":"https:\/\/tilanus-cti.nl\/inspiration\/"},"modified":"2022-10-05T14:27:44","modified_gmt":"2022-10-05T14:27:44","slug":"inspiration","status":"publish","type":"page","link":"https:\/\/tilanus-cti.nl\/de\/inspiration\/","title":{"rendered":"Inspiration"},"content":{"rendered":"\t\t<div data-elementor-type=\"wp-page\" data-elementor-id=\"399\" class=\"elementor elementor-399 elementor-388\" data-elementor-post-type=\"page\">\n\t\t\t\t\t\t<section class=\"elementor-section elementor-top-section elementor-element elementor-element-208282e elementor-section-height-min-height elementor-section-boxed elementor-section-height-default elementor-section-items-middle\" data-id=\"208282e\" data-element_type=\"section\" data-settings=\"{&quot;background_background&quot;:&quot;classic&quot;}\">\n\t\t\t\t\t\t\t<div class=\"elementor-background-overlay\"><\/div>\n\t\t\t\t\t\t\t<div class=\"elementor-container elementor-column-gap-default\">\n\t\t\t\t\t<div class=\"elementor-column elementor-col-100 elementor-top-column elementor-element elementor-element-e83c637\" data-id=\"e83c637\" data-element_type=\"column\">\n\t\t\t<div class=\"elementor-widget-wrap elementor-element-populated\">\n\t\t\t\t\t\t\t<\/div>\n\t\t<\/div>\n\t\t\t\t\t<\/div>\n\t\t<\/section>\n\t\t\t\t<section class=\"elementor-section elementor-top-section elementor-element elementor-element-bf0cdc0 elementor-section-full_width elementor-section-height-default elementor-section-height-default\" data-id=\"bf0cdc0\" data-element_type=\"section\">\n\t\t\t\t\t\t<div class=\"elementor-container elementor-column-gap-default\">\n\t\t\t\t\t<div class=\"elementor-column elementor-col-50 elementor-top-column elementor-element elementor-element-b205802\" data-id=\"b205802\" data-element_type=\"column\" data-settings=\"{&quot;background_background&quot;:&quot;classic&quot;}\">\n\t\t\t<div class=\"elementor-widget-wrap elementor-element-populated\">\n\t\t\t\t\t\t<div class=\"elementor-element elementor-element-0d5829b animated-fast elementor-widget elementor-widget-heading\" data-id=\"0d5829b\" data-element_type=\"widget\" data-settings=\"{&quot;_animation&quot;:&quot;none&quot;,&quot;_animation_delay&quot;:500}\" data-widget_type=\"heading.default\">\n\t\t\t\t<div class=\"elementor-widget-container\">\n\t\t\t\t\t<h2 class=\"elementor-heading-title elementor-size-default\">Sind Sie auf der Suche nach mehr Inspiration und Ver\u00e4nderung in Ihrem Leben? Neben dem Coaching gibt es eine Reihe weiterer Alternativen:\n<\/h2>\t\t\t\t<\/div>\n\t\t\t\t<\/div>\n\t\t\t\t\t<\/div>\n\t\t<\/div>\n\t\t\t\t<div class=\"elementor-column elementor-col-50 elementor-top-column elementor-element elementor-element-83a16ac\" data-id=\"83a16ac\" data-element_type=\"column\" data-settings=\"{&quot;background_background&quot;:&quot;classic&quot;}\">\n\t\t\t<div class=\"elementor-widget-wrap elementor-element-populated\">\n\t\t\t\t\t\t<div class=\"elementor-element elementor-element-1749f7e elementor-widget elementor-widget-spacer\" data-id=\"1749f7e\" data-element_type=\"widget\" data-widget_type=\"spacer.default\">\n\t\t\t\t<div class=\"elementor-widget-container\">\n\t\t\t\t\t\t\t<div class=\"elementor-spacer\">\n\t\t\t<div class=\"elementor-spacer-inner\"><\/div>\n\t\t<\/div>\n\t\t\t\t\t\t<\/div>\n\t\t\t\t<\/div>\n\t\t\t\t\t<\/div>\n\t\t<\/div>\n\t\t\t\t\t<\/div>\n\t\t<\/section>\n\t\t\t\t<section class=\"elementor-section elementor-top-section elementor-element elementor-element-a8525ea elementor-reverse-mobile elementor-section-boxed elementor-section-height-default elementor-section-height-default\" data-id=\"a8525ea\" data-element_type=\"section\" data-settings=\"{&quot;background_background&quot;:&quot;classic&quot;}\">\n\t\t\t\t\t\t<div class=\"elementor-container elementor-column-gap-default\">\n\t\t\t\t\t<div class=\"elementor-column elementor-col-50 elementor-top-column elementor-element elementor-element-e7b7052\" data-id=\"e7b7052\" data-element_type=\"column\">\n\t\t\t<div class=\"elementor-widget-wrap elementor-element-populated\">\n\t\t\t\t\t\t<div class=\"elementor-element elementor-element-61be005 animated-fast elementor-widget elementor-widget-image\" data-id=\"61be005\" data-element_type=\"widget\" data-settings=\"{&quot;_animation&quot;:&quot;none&quot;,&quot;_animation_delay&quot;:500}\" data-widget_type=\"image.default\">\n\t\t\t\t<div class=\"elementor-widget-container\">\n\t\t\t\t\t\t\t\t\t\t\t\t\t\t\t<img fetchpriority=\"high\" decoding=\"async\" width=\"720\" height=\"720\" src=\"https:\/\/tilanus-cti.nl\/wp-content\/uploads\/2022\/06\/pexels-lukas-hartmann-1557652.png\" class=\"attachment-large size-large wp-image-379\" alt=\"\" srcset=\"https:\/\/tilanus-cti.nl\/wp-content\/uploads\/2022\/06\/pexels-lukas-hartmann-1557652.png 720w, https:\/\/tilanus-cti.nl\/wp-content\/uploads\/2022\/06\/pexels-lukas-hartmann-1557652-300x300.png 300w, https:\/\/tilanus-cti.nl\/wp-content\/uploads\/2022\/06\/pexels-lukas-hartmann-1557652-150x150.png 150w\" sizes=\"(max-width: 720px) 100vw, 720px\" \/>\t\t\t\t\t\t\t\t\t\t\t\t\t\t\t<\/div>\n\t\t\t\t<\/div>\n\t\t\t\t\t<\/div>\n\t\t<\/div>\n\t\t\t\t<div class=\"elementor-column elementor-col-50 elementor-top-column elementor-element elementor-element-dfcc42b\" data-id=\"dfcc42b\" data-element_type=\"column\">\n\t\t\t<div class=\"elementor-widget-wrap elementor-element-populated\">\n\t\t\t\t\t\t<div class=\"elementor-element elementor-element-3c16950 animated-fast elementor-widget elementor-widget-heading\" data-id=\"3c16950\" data-element_type=\"widget\" data-settings=\"{&quot;_animation&quot;:&quot;none&quot;,&quot;_animation_delay&quot;:500}\" data-widget_type=\"heading.default\">\n\t\t\t\t<div class=\"elementor-widget-container\">\n\t\t\t\t\t<h2 class=\"elementor-heading-title elementor-size-default\">Reisen f\u00fcr F\u00fchrungskr\u00e4fte<\/h2>\t\t\t\t<\/div>\n\t\t\t\t<\/div>\n\t\t\t\t<div class=\"elementor-element elementor-element-2656ad8 animated-fast elementor-widget elementor-widget-text-editor\" data-id=\"2656ad8\" data-element_type=\"widget\" data-settings=\"{&quot;_animation&quot;:&quot;none&quot;,&quot;_animation_delay&quot;:500}\" data-widget_type=\"text-editor.default\">\n\t\t\t\t<div class=\"elementor-widget-container\">\n\t\t\t\t\t\t\t\t\t<p class=\"p1\">Seit 2007 begleite ich mit <a href=\"https:\/\/www.sandertideman.com\/\"><span class=\"s1\">Sander Tideman<\/span><\/a> verschiedene Reisen f\u00fcr F\u00fchrungskr\u00e4fte nach Tibet, in die Mongolei und nach Bhutan.<span class=\"Apple-converted-space\">\u00a0<\/span><\/p><p class=\"p1\">Durch die besonderen Landschaften, die lokale Kultur, inspirierende Redner und den Input des Programms und der Mitreisenden, bieten diese Reisen eine \u201eexterne Inspiration\u201c.<\/p><p class=\"p1\">Zum anderen gibt es viel Zeit und Freiraum f\u00fcr die \u201einnere Inspiration\u201c durch die Zeit f\u00fcr Reflexion und R\u00fcckzug, um unsere innere Weisheit zu entwickeln und unsere eigene Vision bez\u00fcglich dessen zu sch\u00e4rfen, wer wir wirklich sein wollen und was wir in dieser Welt bedeuten wollen.<\/p>\t\t\t\t\t\t\t\t<\/div>\n\t\t\t\t<\/div>\n\t\t\t\t\t<\/div>\n\t\t<\/div>\n\t\t\t\t\t<\/div>\n\t\t<\/section>\n\t\t\t\t<section class=\"elementor-section elementor-top-section elementor-element elementor-element-a5d5aaa elementor-section-full_width elementor-section-height-default elementor-section-height-default\" data-id=\"a5d5aaa\" data-element_type=\"section\">\n\t\t\t\t\t\t<div class=\"elementor-container elementor-column-gap-default\">\n\t\t\t\t\t<div class=\"elementor-column elementor-col-50 elementor-top-column elementor-element elementor-element-19255ef\" data-id=\"19255ef\" data-element_type=\"column\" data-settings=\"{&quot;background_background&quot;:&quot;classic&quot;}\">\n\t\t\t<div class=\"elementor-widget-wrap elementor-element-populated\">\n\t\t\t\t\t\t<div class=\"elementor-element elementor-element-7e3df14 animated-fast elementor-widget elementor-widget-heading\" data-id=\"7e3df14\" data-element_type=\"widget\" data-settings=\"{&quot;_animation&quot;:&quot;none&quot;,&quot;_animation_delay&quot;:500}\" data-widget_type=\"heading.default\">\n\t\t\t\t<div class=\"elementor-widget-container\">\n\t\t\t\t\t<h2 class=\"elementor-heading-title elementor-size-default\">Third Act (auf Anfrage)<\/h2>\t\t\t\t<\/div>\n\t\t\t\t<\/div>\n\t\t\t\t<div class=\"elementor-element elementor-element-5e293dc animated-fast elementor-widget elementor-widget-text-editor\" data-id=\"5e293dc\" data-element_type=\"widget\" data-settings=\"{&quot;_animation&quot;:&quot;none&quot;,&quot;_animation_delay&quot;:500}\" data-widget_type=\"text-editor.default\">\n\t\t\t\t<div class=\"elementor-widget-container\">\n\t\t\t\t\t\t\t\t\t<p class=\"p1\">Was tun nach einer erfolgreichen Karriere? \u201eThird Act\u201c ist ein Programm, in dem wir der Frage nachgehen, was Sie in der n\u00e4chsten Phase Ihres Leben machen wollen, wenn Sie in Ihren F\u00fcnfzigern sind und sich auf eine neue Entwicklung freuen, darauf, wieder Sinn zu finden, nachdem Sie bereits alles erreicht haben.<\/p><p class=\"p1\">In einer kleinen Gruppe von Gleichgesinnten treffen sich die Teilnehmer etwa sechsmal, um mehr Klarheit dar\u00fcber zu bekommen.<\/p><p class=\"p1\">Zwischen den Sitzungen haben Sie einen w\u00f6chentlichen Austausch mit Ihrem Buddy. Der Prozess wird beendet mit einer zweit\u00e4gigen \u201eVision Quest\u201c, einem rituellen Retreat in der Natur, um zu tieferen Einsichten zu gelangen.<\/p>\t\t\t\t\t\t\t\t<\/div>\n\t\t\t\t<\/div>\n\t\t\t\t<div class=\"elementor-element elementor-element-80f04f4 elementor-align-left elementor-mobile-align-center animated-fast elementor-widget elementor-widget-button\" data-id=\"80f04f4\" data-element_type=\"widget\" data-settings=\"{&quot;_animation&quot;:&quot;none&quot;,&quot;_animation_delay&quot;:500}\" data-widget_type=\"button.default\">\n\t\t\t\t<div class=\"elementor-widget-container\">\n\t\t\t\t\t\t\t\t\t<div class=\"elementor-button-wrapper\">\n\t\t\t\t\t<a class=\"elementor-button elementor-button-link elementor-size-sm\" href=\"https:\/\/tilanus-cti.nl\/de\/kontakt\/\">\n\t\t\t\t\t\t<span class=\"elementor-button-content-wrapper\">\n\t\t\t\t\t\t\t\t\t<span class=\"elementor-button-text\">Mehr Informationen anfordern<\/span>\n\t\t\t\t\t<\/span>\n\t\t\t\t\t<\/a>\n\t\t\t\t<\/div>\n\t\t\t\t\t\t\t\t<\/div>\n\t\t\t\t<\/div>\n\t\t\t\t\t<\/div>\n\t\t<\/div>\n\t\t\t\t<div class=\"elementor-column elementor-col-50 elementor-top-column elementor-element elementor-element-347845d\" data-id=\"347845d\" data-element_type=\"column\" data-settings=\"{&quot;background_background&quot;:&quot;classic&quot;}\">\n\t\t\t<div class=\"elementor-widget-wrap elementor-element-populated\">\n\t\t\t\t\t\t<div class=\"elementor-element elementor-element-d5f324c elementor-widget elementor-widget-spacer\" data-id=\"d5f324c\" data-element_type=\"widget\" data-widget_type=\"spacer.default\">\n\t\t\t\t<div class=\"elementor-widget-container\">\n\t\t\t\t\t\t\t<div class=\"elementor-spacer\">\n\t\t\t<div class=\"elementor-spacer-inner\"><\/div>\n\t\t<\/div>\n\t\t\t\t\t\t<\/div>\n\t\t\t\t<\/div>\n\t\t\t\t\t<\/div>\n\t\t<\/div>\n\t\t\t\t\t<\/div>\n\t\t<\/section>\n\t\t\t\t<section class=\"elementor-section elementor-top-section elementor-element elementor-element-33a3f13 elementor-section-height-min-height elementor-section-boxed elementor-section-height-default elementor-section-items-middle\" data-id=\"33a3f13\" data-element_type=\"section\" data-settings=\"{&quot;background_background&quot;:&quot;classic&quot;}\">\n\t\t\t\t\t\t<div class=\"elementor-container elementor-column-gap-default\">\n\t\t\t\t\t<div class=\"elementor-column elementor-col-100 elementor-top-column elementor-element elementor-element-15b27e6\" data-id=\"15b27e6\" data-element_type=\"column\">\n\t\t\t<div class=\"elementor-widget-wrap elementor-element-populated\">\n\t\t\t\t\t\t<div class=\"elementor-element elementor-element-b32f572 animated-fast elementor-widget elementor-widget-heading\" data-id=\"b32f572\" data-element_type=\"widget\" data-settings=\"{&quot;_animation&quot;:&quot;none&quot;,&quot;_animation_delay&quot;:500}\" data-widget_type=\"heading.default\">\n\t\t\t\t<div class=\"elementor-widget-container\">\n\t\t\t\t\t<h2 class=\"elementor-heading-title elementor-size-default\">Klang<\/h2>\t\t\t\t<\/div>\n\t\t\t\t<\/div>\n\t\t\t\t<div class=\"elementor-element elementor-element-0e1bcd5 animated-fast elementor-widget elementor-widget-text-editor\" data-id=\"0e1bcd5\" data-element_type=\"widget\" data-settings=\"{&quot;_animation&quot;:&quot;none&quot;,&quot;_animation_delay&quot;:500}\" data-widget_type=\"text-editor.default\">\n\t\t\t\t<div class=\"elementor-widget-container\">\n\t\t\t\t\t\t\t\t\t<p class=\"p1\">In meinem eigenen Leben merke ich immer \u00f6fter, wie Klang und Musik an Bedeutung gewinnt. Das Erleben von Klang und Musik verschafft mir innere Ruhe in der Inspiration und hilft mir, mein Bewusstsein in dem zu \u00fcben, was jenseits unserer Gedanken und Gef\u00fchle liegt.<\/p><p class=\"p1\">Bei der Arbeit mit meinen Kunden experimentiere ich sorgf\u00e4ltig mit Klang und Musik.<\/p><p class=\"p1\">F\u00fcr ein Klangerlebnis verweise ich auch gerne auf die Klangmeditationen von <a href=\"https:\/\/www.felixerkelens.nl\/klankmeditaties\"><span class=\"s1\">Felix Erkelens<\/span><\/a>, die ich sehr empfehlen kann!<\/p>\t\t\t\t\t\t\t\t<\/div>\n\t\t\t\t<\/div>\n\t\t\t\t\t<\/div>\n\t\t<\/div>\n\t\t\t\t\t<\/div>\n\t\t<\/section>\n\t\t\t\t<section class=\"elementor-section elementor-top-section elementor-element elementor-element-a7fe1b4 elementor-section-boxed elementor-section-height-default elementor-section-height-default\" data-id=\"a7fe1b4\" data-element_type=\"section\">\n\t\t\t\t\t\t<div class=\"elementor-container elementor-column-gap-default\">\n\t\t\t\t\t<div class=\"elementor-column elementor-col-100 elementor-top-column elementor-element elementor-element-a579445\" data-id=\"a579445\" data-element_type=\"column\">\n\t\t\t<div class=\"elementor-widget-wrap elementor-element-populated\">\n\t\t\t\t\t\t<div class=\"elementor-element elementor-element-d4db73a animated-fast elementor-widget elementor-widget-image\" data-id=\"d4db73a\" data-element_type=\"widget\" data-settings=\"{&quot;_animation&quot;:&quot;none&quot;,&quot;_animation_delay&quot;:500}\" data-widget_type=\"image.default\">\n\t\t\t\t<div class=\"elementor-widget-container\">\n\t\t\t\t\t\t\t\t\t\t\t\t\t\t\t<img decoding=\"async\" width=\"512\" height=\"512\" src=\"https:\/\/tilanus-cti.nl\/wp-content\/uploads\/2022\/06\/cropped-Logo.png\" class=\"attachment-large size-large wp-image-343\" alt=\"\" srcset=\"https:\/\/tilanus-cti.nl\/wp-content\/uploads\/2022\/06\/cropped-Logo.png 512w, https:\/\/tilanus-cti.nl\/wp-content\/uploads\/2022\/06\/cropped-Logo-300x300.png 300w, https:\/\/tilanus-cti.nl\/wp-content\/uploads\/2022\/06\/cropped-Logo-150x150.png 150w, https:\/\/tilanus-cti.nl\/wp-content\/uploads\/2022\/06\/cropped-Logo-270x270.png 270w, https:\/\/tilanus-cti.nl\/wp-content\/uploads\/2022\/06\/cropped-Logo-192x192.png 192w, https:\/\/tilanus-cti.nl\/wp-content\/uploads\/2022\/06\/cropped-Logo-180x180.png 180w, https:\/\/tilanus-cti.nl\/wp-content\/uploads\/2022\/06\/cropped-Logo-32x32.png 32w\" sizes=\"(max-width: 512px) 100vw, 512px\" \/>\t\t\t\t\t\t\t\t\t\t\t\t\t\t\t<\/div>\n\t\t\t\t<\/div>\n\t\t\t\t<div class=\"elementor-element elementor-element-b03d0b8 animated-fast elementor-widget elementor-widget-heading\" data-id=\"b03d0b8\" data-element_type=\"widget\" data-settings=\"{&quot;_animation&quot;:&quot;none&quot;,&quot;_animation_delay&quot;:500}\" data-widget_type=\"heading.default\">\n\t\t\t\t<div class=\"elementor-widget-container\">\n\t\t\t\t\t<h3 class=\"elementor-heading-title elementor-size-default\">Bringen Sie mehr Inspiration und Erneuerung in Ihr Leben. Lassen Sie sich inspirieren!<\/h3>\t\t\t\t<\/div>\n\t\t\t\t<\/div>\n\t\t\t\t<div class=\"elementor-element elementor-element-54afde6 elementor-align-center elementor-mobile-align-center animated-fast elementor-widget elementor-widget-button\" data-id=\"54afde6\" data-element_type=\"widget\" data-settings=\"{&quot;_animation&quot;:&quot;none&quot;,&quot;_animation_delay&quot;:500}\" data-widget_type=\"button.default\">\n\t\t\t\t<div class=\"elementor-widget-container\">\n\t\t\t\t\t\t\t\t\t<div class=\"elementor-button-wrapper\">\n\t\t\t\t\t<a class=\"elementor-button elementor-button-link elementor-size-sm\" href=\"https:\/\/tilanus-cti.nl\/de\/kontakt\/\">\n\t\t\t\t\t\t<span class=\"elementor-button-content-wrapper\">\n\t\t\t\t\t\t\t\t\t<span class=\"elementor-button-text\">Kontakt<\/span>\n\t\t\t\t\t<\/span>\n\t\t\t\t\t<\/a>\n\t\t\t\t<\/div>\n\t\t\t\t\t\t\t\t<\/div>\n\t\t\t\t<\/div>\n\t\t\t\t\t<\/div>\n\t\t<\/div>\n\t\t\t\t\t<\/div>\n\t\t<\/section>\n\t\t\t\t<\/div>\n\t\t","protected":false},"excerpt":{"rendered":"<p>Sind Sie auf der Suche nach mehr Inspiration und Ver\u00e4nderung in Ihrem Leben? Neben dem Coaching gibt es eine Reihe weiterer Alternativen: Reisen f\u00fcr F\u00fchrungskr\u00e4fte Seit 2007 begleite ich mit Sander Tideman verschiedene Reisen f\u00fcr F\u00fchrungskr\u00e4fte nach Tibet, in die Mongolei und nach Bhutan.\u00a0 Durch die besonderen Landschaften, die lokale Kultur, inspirierende Redner und den [&hellip;]<\/p>\n","protected":false},"author":1,"featured_media":0,"parent":0,"menu_order":0,"comment_status":"closed","ping_status":"closed","template":"","meta":{"footnotes":""},"class_list":["post-399","page","type-page","status-publish","hentry"],"yoast_head":"<!-- This site is optimized with the Yoast SEO plugin v25.0 - https:\/\/yoast.com\/wordpress\/plugins\/seo\/ -->\n<title>Inspiration - Tilanus CTI<\/title>\n<meta name=\"description\" content=\"Sind Sie auf der Suche nach mehr Inspiration und Erneuerung in Ihrem Leben? Dann gibt es neben dem Coaching noch eine Reihe anderer Alternativen.\" \/>\n<meta name=\"robots\" content=\"index, follow, max-snippet:-1, max-image-preview:large, max-video-preview:-1\" \/>\n<link rel=\"canonical\" href=\"https:\/\/tilanus-cti.nl\/de\/inspiration\/\" \/>\n<meta property=\"og:locale\" content=\"de_DE\" \/>\n<meta property=\"og:type\" content=\"article\" \/>\n<meta property=\"og:title\" content=\"Inspiration - Tilanus CTI\" \/>\n<meta property=\"og:description\" content=\"Sind Sie auf der Suche nach mehr Inspiration und Erneuerung in Ihrem Leben? Dann gibt es neben dem Coaching noch eine Reihe anderer Alternativen.\" \/>\n<meta property=\"og:url\" content=\"https:\/\/tilanus-cti.nl\/de\/inspiration\/\" \/>\n<meta property=\"og:site_name\" content=\"Tilanus CTI\" \/>\n<meta property=\"article:modified_time\" content=\"2022-10-05T14:27:44+00:00\" \/>\n<meta property=\"og:image\" content=\"https:\/\/tilanus-cti.nl\/wp-content\/uploads\/2022\/06\/pexels-lukas-hartmann-1557652.png\" \/>\n<meta name=\"twitter:card\" content=\"summary_large_image\" \/>\n<meta name=\"twitter:label1\" content=\"Gesch\u00e4tzte Lesezeit\" \/>\n\t<meta name=\"twitter:data1\" content=\"3\u00a0Minuten\" \/>\n<script type=\"application\/ld+json\" class=\"yoast-schema-graph\">{\"@context\":\"https:\/\/schema.org\",\"@graph\":[{\"@type\":\"WebPage\",\"@id\":\"https:\/\/tilanus-cti.nl\/de\/inspiration\/\",\"url\":\"https:\/\/tilanus-cti.nl\/de\/inspiration\/\",\"name\":\"Inspiration - Tilanus CTI\",\"isPartOf\":{\"@id\":\"https:\/\/tilanus-cti.nl\/de\/#website\"},\"primaryImageOfPage\":{\"@id\":\"https:\/\/tilanus-cti.nl\/de\/inspiration\/#primaryimage\"},\"image\":{\"@id\":\"https:\/\/tilanus-cti.nl\/de\/inspiration\/#primaryimage\"},\"thumbnailUrl\":\"https:\/\/tilanus-cti.nl\/wp-content\/uploads\/2022\/06\/pexels-lukas-hartmann-1557652.png\",\"datePublished\":\"2022-06-24T04:29:22+00:00\",\"dateModified\":\"2022-10-05T14:27:44+00:00\",\"description\":\"Sind Sie auf der Suche nach mehr Inspiration und Erneuerung in Ihrem Leben? Dann gibt es neben dem Coaching noch eine Reihe anderer Alternativen.\",\"breadcrumb\":{\"@id\":\"https:\/\/tilanus-cti.nl\/de\/inspiration\/#breadcrumb\"},\"inLanguage\":\"de\",\"potentialAction\":[{\"@type\":\"ReadAction\",\"target\":[\"https:\/\/tilanus-cti.nl\/de\/inspiration\/\"]}]},{\"@type\":\"ImageObject\",\"inLanguage\":\"de\",\"@id\":\"https:\/\/tilanus-cti.nl\/de\/inspiration\/#primaryimage\",\"url\":\"https:\/\/tilanus-cti.nl\/wp-content\/uploads\/2022\/06\/pexels-lukas-hartmann-1557652.png\",\"contentUrl\":\"https:\/\/tilanus-cti.nl\/wp-content\/uploads\/2022\/06\/pexels-lukas-hartmann-1557652.png\"},{\"@type\":\"BreadcrumbList\",\"@id\":\"https:\/\/tilanus-cti.nl\/de\/inspiration\/#breadcrumb\",\"itemListElement\":[{\"@type\":\"ListItem\",\"position\":1,\"name\":\"Home\",\"item\":\"https:\/\/tilanus-cti.nl\/de\/\"},{\"@type\":\"ListItem\",\"position\":2,\"name\":\"Inspiration\"}]},{\"@type\":\"WebSite\",\"@id\":\"https:\/\/tilanus-cti.nl\/de\/#website\",\"url\":\"https:\/\/tilanus-cti.nl\/de\/\",\"name\":\"Tilanus CTI\",\"description\":\"Coaching, Training, Interim-management\",\"publisher\":{\"@id\":\"https:\/\/tilanus-cti.nl\/de\/#organization\"},\"potentialAction\":[{\"@type\":\"SearchAction\",\"target\":{\"@type\":\"EntryPoint\",\"urlTemplate\":\"https:\/\/tilanus-cti.nl\/de\/?s={search_term_string}\"},\"query-input\":{\"@type\":\"PropertyValueSpecification\",\"valueRequired\":true,\"valueName\":\"search_term_string\"}}],\"inLanguage\":\"de\"},{\"@type\":\"Organization\",\"@id\":\"https:\/\/tilanus-cti.nl\/de\/#organization\",\"name\":\"Tilanus CTI\",\"url\":\"https:\/\/tilanus-cti.nl\/de\/\",\"logo\":{\"@type\":\"ImageObject\",\"inLanguage\":\"de\",\"@id\":\"https:\/\/tilanus-cti.nl\/de\/#\/schema\/logo\/image\/\",\"url\":\"https:\/\/tilanus-cti.nl\/wp-content\/uploads\/2022\/06\/web-footer-cti-2022-1.png\",\"contentUrl\":\"https:\/\/tilanus-cti.nl\/wp-content\/uploads\/2022\/06\/web-footer-cti-2022-1.png\",\"width\":1056,\"height\":152,\"caption\":\"Tilanus CTI\"},\"image\":{\"@id\":\"https:\/\/tilanus-cti.nl\/de\/#\/schema\/logo\/image\/\"}}]}<\/script>\n<!-- \/ Yoast SEO plugin. -->","yoast_head_json":{"title":"Inspiration - Tilanus CTI","description":"Sind Sie auf der Suche nach mehr Inspiration und Erneuerung in Ihrem Leben? Dann gibt es neben dem Coaching noch eine Reihe anderer Alternativen.","robots":{"index":"index","follow":"follow","max-snippet":"max-snippet:-1","max-image-preview":"max-image-preview:large","max-video-preview":"max-video-preview:-1"},"canonical":"https:\/\/tilanus-cti.nl\/de\/inspiration\/","og_locale":"de_DE","og_type":"article","og_title":"Inspiration - Tilanus CTI","og_description":"Sind Sie auf der Suche nach mehr Inspiration und Erneuerung in Ihrem Leben? Dann gibt es neben dem Coaching noch eine Reihe anderer Alternativen.","og_url":"https:\/\/tilanus-cti.nl\/de\/inspiration\/","og_site_name":"Tilanus CTI","article_modified_time":"2022-10-05T14:27:44+00:00","og_image":[{"url":"https:\/\/tilanus-cti.nl\/wp-content\/uploads\/2022\/06\/pexels-lukas-hartmann-1557652.png","type":"","width":"","height":""}],"twitter_card":"summary_large_image","twitter_misc":{"Gesch\u00e4tzte Lesezeit":"3\u00a0Minuten"},"schema":{"@context":"https:\/\/schema.org","@graph":[{"@type":"WebPage","@id":"https:\/\/tilanus-cti.nl\/de\/inspiration\/","url":"https:\/\/tilanus-cti.nl\/de\/inspiration\/","name":"Inspiration - Tilanus CTI","isPartOf":{"@id":"https:\/\/tilanus-cti.nl\/de\/#website"},"primaryImageOfPage":{"@id":"https:\/\/tilanus-cti.nl\/de\/inspiration\/#primaryimage"},"image":{"@id":"https:\/\/tilanus-cti.nl\/de\/inspiration\/#primaryimage"},"thumbnailUrl":"https:\/\/tilanus-cti.nl\/wp-content\/uploads\/2022\/06\/pexels-lukas-hartmann-1557652.png","datePublished":"2022-06-24T04:29:22+00:00","dateModified":"2022-10-05T14:27:44+00:00","description":"Sind Sie auf der Suche nach mehr Inspiration und Erneuerung in Ihrem Leben? Dann gibt es neben dem Coaching noch eine Reihe anderer Alternativen.","breadcrumb":{"@id":"https:\/\/tilanus-cti.nl\/de\/inspiration\/#breadcrumb"},"inLanguage":"de","potentialAction":[{"@type":"ReadAction","target":["https:\/\/tilanus-cti.nl\/de\/inspiration\/"]}]},{"@type":"ImageObject","inLanguage":"de","@id":"https:\/\/tilanus-cti.nl\/de\/inspiration\/#primaryimage","url":"https:\/\/tilanus-cti.nl\/wp-content\/uploads\/2022\/06\/pexels-lukas-hartmann-1557652.png","contentUrl":"https:\/\/tilanus-cti.nl\/wp-content\/uploads\/2022\/06\/pexels-lukas-hartmann-1557652.png"},{"@type":"BreadcrumbList","@id":"https:\/\/tilanus-cti.nl\/de\/inspiration\/#breadcrumb","itemListElement":[{"@type":"ListItem","position":1,"name":"Home","item":"https:\/\/tilanus-cti.nl\/de\/"},{"@type":"ListItem","position":2,"name":"Inspiration"}]},{"@type":"WebSite","@id":"https:\/\/tilanus-cti.nl\/de\/#website","url":"https:\/\/tilanus-cti.nl\/de\/","name":"Tilanus CTI","description":"Coaching, Training, Interim-management","publisher":{"@id":"https:\/\/tilanus-cti.nl\/de\/#organization"},"potentialAction":[{"@type":"SearchAction","target":{"@type":"EntryPoint","urlTemplate":"https:\/\/tilanus-cti.nl\/de\/?s={search_term_string}"},"query-input":{"@type":"PropertyValueSpecification","valueRequired":true,"valueName":"search_term_string"}}],"inLanguage":"de"},{"@type":"Organization","@id":"https:\/\/tilanus-cti.nl\/de\/#organization","name":"Tilanus CTI","url":"https:\/\/tilanus-cti.nl\/de\/","logo":{"@type":"ImageObject","inLanguage":"de","@id":"https:\/\/tilanus-cti.nl\/de\/#\/schema\/logo\/image\/","url":"https:\/\/tilanus-cti.nl\/wp-content\/uploads\/2022\/06\/web-footer-cti-2022-1.png","contentUrl":"https:\/\/tilanus-cti.nl\/wp-content\/uploads\/2022\/06\/web-footer-cti-2022-1.png","width":1056,"height":152,"caption":"Tilanus CTI"},"image":{"@id":"https:\/\/tilanus-cti.nl\/de\/#\/schema\/logo\/image\/"}}]}},"_links":{"self":[{"href":"https:\/\/tilanus-cti.nl\/de\/wp-json\/wp\/v2\/pages\/399","targetHints":{"allow":["GET"]}}],"collection":[{"href":"https:\/\/tilanus-cti.nl\/de\/wp-json\/wp\/v2\/pages"}],"about":[{"href":"https:\/\/tilanus-cti.nl\/de\/wp-json\/wp\/v2\/types\/page"}],"author":[{"embeddable":true,"href":"https:\/\/tilanus-cti.nl\/de\/wp-json\/wp\/v2\/users\/1"}],"replies":[{"embeddable":true,"href":"https:\/\/tilanus-cti.nl\/de\/wp-json\/wp\/v2\/comments?post=399"}],"version-history":[{"count":0,"href":"https:\/\/tilanus-cti.nl\/de\/wp-json\/wp\/v2\/pages\/399\/revisions"}],"wp:attachment":[{"href":"https:\/\/tilanus-cti.nl\/de\/wp-json\/wp\/v2\/media?parent=399"}],"curies":[{"name":"wp","href":"https:\/\/api.w.org\/{rel}","templated":true}]}}