{"id":404,"date":"2022-06-24T04:29:11","date_gmt":"2022-06-24T04:29:11","guid":{"rendered":"https:\/\/tilanus-cti.nl\/teamcoaching-und-moderation\/"},"modified":"2022-10-12T14:53:19","modified_gmt":"2022-10-12T14:53:19","slug":"teamcoaching-und-moderation","status":"publish","type":"page","link":"https:\/\/tilanus-cti.nl\/de\/teamcoaching-und-moderation\/","title":{"rendered":"Teamcoaching und Moderation"},"content":{"rendered":"\t\t<div data-elementor-type=\"wp-page\" data-elementor-id=\"404\" class=\"elementor elementor-404 elementor-390\" data-elementor-post-type=\"page\">\n\t\t\t\t\t\t<section class=\"elementor-section elementor-top-section elementor-element elementor-element-b67bd41 elementor-section-height-min-height elementor-section-boxed elementor-section-height-default elementor-section-items-middle\" data-id=\"b67bd41\" data-element_type=\"section\" data-settings=\"{&quot;background_background&quot;:&quot;classic&quot;}\">\n\t\t\t\t\t\t\t<div class=\"elementor-background-overlay\"><\/div>\n\t\t\t\t\t\t\t<div class=\"elementor-container elementor-column-gap-default\">\n\t\t\t\t\t<div class=\"elementor-column elementor-col-100 elementor-top-column elementor-element elementor-element-2c36967\" data-id=\"2c36967\" data-element_type=\"column\">\n\t\t\t<div class=\"elementor-widget-wrap elementor-element-populated\">\n\t\t\t\t\t\t\t<\/div>\n\t\t<\/div>\n\t\t\t\t\t<\/div>\n\t\t<\/section>\n\t\t\t\t<section class=\"elementor-section elementor-top-section elementor-element elementor-element-83682b3 elementor-section-full_width elementor-section-height-default elementor-section-height-default\" data-id=\"83682b3\" data-element_type=\"section\">\n\t\t\t\t\t\t<div class=\"elementor-container elementor-column-gap-default\">\n\t\t\t\t\t<div class=\"elementor-column elementor-col-50 elementor-top-column elementor-element elementor-element-dceb0b1\" data-id=\"dceb0b1\" data-element_type=\"column\" data-settings=\"{&quot;background_background&quot;:&quot;classic&quot;}\">\n\t\t\t<div class=\"elementor-widget-wrap elementor-element-populated\">\n\t\t\t\t\t\t<div class=\"elementor-element elementor-element-e1f3137 animated-fast elementor-widget elementor-widget-text-editor\" data-id=\"e1f3137\" data-element_type=\"widget\" data-settings=\"{&quot;_animation&quot;:&quot;none&quot;,&quot;_animation_delay&quot;:500}\" data-widget_type=\"text-editor.default\">\n\t\t\t\t<div class=\"elementor-widget-container\">\n\t\t\t\t\t\t\t\t\t<p class=\"p1\">Seit 2012 betreue ich Einzelpersonen und auch Teams in Organisationen in allen m\u00f6glichen L\u00e4ndern und Kulturen, insbesondere in Europa, Asien und dem Nahen Osten, von kleinen und mittleren Unternehmen bis hin zu multinationalen Konzernen und Familienunternehmen.<\/p><p class=\"p1\">Dabei ist es meine Leidenschaft, Menschen und Kulturen zusammenzubringen und dadurch Effektivit\u00e4t, Zusammenarbeit und Arbeitszufriedenheit zu steigern.<\/p>\t\t\t\t\t\t\t\t<\/div>\n\t\t\t\t<\/div>\n\t\t\t\t<div class=\"elementor-element elementor-element-2eb2662 animated-fast elementor-widget elementor-widget-heading\" data-id=\"2eb2662\" data-element_type=\"widget\" data-settings=\"{&quot;_animation&quot;:&quot;none&quot;,&quot;_animation_delay&quot;:500}\" data-widget_type=\"heading.default\">\n\t\t\t\t<div class=\"elementor-widget-container\">\n\t\t\t\t\t<h2 class=\"elementor-heading-title elementor-size-default\">Welche Ziele kann ein Teamcoaching haben?\n<\/h2>\t\t\t\t<\/div>\n\t\t\t\t<\/div>\n\t\t\t\t<div class=\"elementor-element elementor-element-e9ea9e4 animated-fast elementor-widget elementor-widget-text-editor\" data-id=\"e9ea9e4\" data-element_type=\"widget\" data-settings=\"{&quot;_animation&quot;:&quot;none&quot;,&quot;_animation_delay&quot;:500}\" data-widget_type=\"text-editor.default\">\n\t\t\t\t<div class=\"elementor-widget-container\">\n\t\t\t\t\t\t\t\t\t<ul><li>Wie kann sich eine Gruppe von Individuen zu einem effektiven, zusammenarbeitenden Team?<\/li><li>Wie erh\u00f6hen wir als Team unsere F\u00fchrungsposition in der Organisation?<\/li><li>Wie schaffen wir unsere Vision und setzen sie in messbare Ergebnisse um?<\/li><li>Wie durchbrechen wir hartn\u00e4ckige Verhaltensmuster und kommen zu neuen Arbeitsformen?<\/li><li>Wie bringen wir nach einer Fusion die unterschiedlichen Unternehmenskulturen miteinander in Einklang?<\/li><li>Wie werden wir als Team und\/oder als Organisation inklusiver?<\/li><li>Wie gestalten wir die Unternehmensnachfolge in unserem Familienunternehmen?<\/li><\/ul>\t\t\t\t\t\t\t\t<\/div>\n\t\t\t\t<\/div>\n\t\t\t\t<div class=\"elementor-element elementor-element-7d799b7 elementor-align-left elementor-mobile-align-center animated-fast elementor-widget elementor-widget-button\" data-id=\"7d799b7\" data-element_type=\"widget\" data-settings=\"{&quot;_animation&quot;:&quot;none&quot;,&quot;_animation_delay&quot;:500}\" data-widget_type=\"button.default\">\n\t\t\t\t<div class=\"elementor-widget-container\">\n\t\t\t\t\t\t\t\t\t<div class=\"elementor-button-wrapper\">\n\t\t\t\t\t<a class=\"elementor-button elementor-button-link elementor-size-sm\" href=\"https:\/\/tilanus-cti.nl\/de\/kontakt\/\">\n\t\t\t\t\t\t<span class=\"elementor-button-content-wrapper\">\n\t\t\t\t\t\t\t\t\t<span class=\"elementor-button-text\">Kontakt<\/span>\n\t\t\t\t\t<\/span>\n\t\t\t\t\t<\/a>\n\t\t\t\t<\/div>\n\t\t\t\t\t\t\t\t<\/div>\n\t\t\t\t<\/div>\n\t\t\t\t\t<\/div>\n\t\t<\/div>\n\t\t\t\t<div class=\"elementor-column elementor-col-50 elementor-top-column elementor-element elementor-element-73606bc\" data-id=\"73606bc\" data-element_type=\"column\" data-settings=\"{&quot;background_background&quot;:&quot;classic&quot;}\">\n\t\t\t<div class=\"elementor-widget-wrap elementor-element-populated\">\n\t\t\t\t\t\t<div class=\"elementor-element elementor-element-03eab41 elementor-widget elementor-widget-spacer\" data-id=\"03eab41\" data-element_type=\"widget\" data-widget_type=\"spacer.default\">\n\t\t\t\t<div class=\"elementor-widget-container\">\n\t\t\t\t\t\t\t<div class=\"elementor-spacer\">\n\t\t\t<div class=\"elementor-spacer-inner\"><\/div>\n\t\t<\/div>\n\t\t\t\t\t\t<\/div>\n\t\t\t\t<\/div>\n\t\t\t\t\t<\/div>\n\t\t<\/div>\n\t\t\t\t\t<\/div>\n\t\t<\/section>\n\t\t\t\t<section class=\"elementor-section elementor-top-section elementor-element elementor-element-4704163 elementor-section-height-min-height elementor-section-boxed elementor-section-height-default elementor-section-items-middle\" data-id=\"4704163\" data-element_type=\"section\" data-settings=\"{&quot;background_background&quot;:&quot;classic&quot;}\">\n\t\t\t\t\t\t<div class=\"elementor-container elementor-column-gap-default\">\n\t\t\t\t\t<div class=\"elementor-column elementor-col-100 elementor-top-column elementor-element elementor-element-4b440b1\" data-id=\"4b440b1\" data-element_type=\"column\">\n\t\t\t<div class=\"elementor-widget-wrap elementor-element-populated\">\n\t\t\t\t\t\t<div class=\"elementor-element elementor-element-1aa1c02 animated-fast elementor-widget elementor-widget-heading\" data-id=\"1aa1c02\" data-element_type=\"widget\" data-settings=\"{&quot;_animation&quot;:&quot;none&quot;,&quot;_animation_delay&quot;:500}\" data-widget_type=\"heading.default\">\n\t\t\t\t<div class=\"elementor-widget-container\">\n\t\t\t\t\t<h2 class=\"elementor-heading-title elementor-size-default\">Wie funktioniert Teamcoaching?\n<\/h2>\t\t\t\t<\/div>\n\t\t\t\t<\/div>\n\t\t\t\t<div class=\"elementor-element elementor-element-fff64b5 animated-fast elementor-widget elementor-widget-text-editor\" data-id=\"fff64b5\" data-element_type=\"widget\" data-settings=\"{&quot;_animation&quot;:&quot;none&quot;,&quot;_animation_delay&quot;:500}\" data-widget_type=\"text-editor.default\">\n\t\t\t\t<div class=\"elementor-widget-container\">\n\t\t\t\t\t\t\t\t\t<p class=\"p1\">Der Prozess beginnt oft mit einem Erstgespr\u00e4ch \u2013 es folgen Interviews mit den Teammitgliedern, um dann gemeinsam einen Plan mit konkreten L\u00f6sungen zu erarbeiten.<\/p><p class=\"p1\">Dabei handelt es sich h\u00e4ufig um einen Forum-Feld-Forum-Ansatz, bei dem in einer Teamsitzung eine Reihe von Themen besprochen werden, nach denen die Anwendung in der Praxis, ggf. unterst\u00fctzt durch Coaching oder Teambeobachtungen ge\u00fcbt werden kann. In einer Teamsitzung wird dann besprochen, was funktioniert und wie vorzugehen ist.<\/p>\t\t\t\t\t\t\t\t<\/div>\n\t\t\t\t<\/div>\n\t\t\t\t\t<\/div>\n\t\t<\/div>\n\t\t\t\t\t<\/div>\n\t\t<\/section>\n\t\t\t\t<section class=\"elementor-section elementor-top-section elementor-element elementor-element-98b1704 elementor-section-full_width elementor-reverse-mobile elementor-section-height-default elementor-section-height-default\" data-id=\"98b1704\" data-element_type=\"section\" data-settings=\"{&quot;background_background&quot;:&quot;classic&quot;}\">\n\t\t\t\t\t\t<div class=\"elementor-container elementor-column-gap-default\">\n\t\t\t\t\t<div class=\"elementor-column elementor-col-50 elementor-top-column elementor-element elementor-element-47b4cdb\" data-id=\"47b4cdb\" data-element_type=\"column\" data-settings=\"{&quot;background_background&quot;:&quot;classic&quot;}\">\n\t\t\t<div class=\"elementor-widget-wrap elementor-element-populated\">\n\t\t\t\t\t\t<div class=\"elementor-element elementor-element-ec930ad elementor-widget elementor-widget-spacer\" data-id=\"ec930ad\" data-element_type=\"widget\" data-widget_type=\"spacer.default\">\n\t\t\t\t<div class=\"elementor-widget-container\">\n\t\t\t\t\t\t\t<div class=\"elementor-spacer\">\n\t\t\t<div class=\"elementor-spacer-inner\"><\/div>\n\t\t<\/div>\n\t\t\t\t\t\t<\/div>\n\t\t\t\t<\/div>\n\t\t\t\t\t<\/div>\n\t\t<\/div>\n\t\t\t\t<div class=\"elementor-column elementor-col-50 elementor-top-column elementor-element elementor-element-ac95176\" data-id=\"ac95176\" data-element_type=\"column\" data-settings=\"{&quot;background_background&quot;:&quot;classic&quot;}\">\n\t\t\t<div class=\"elementor-widget-wrap elementor-element-populated\">\n\t\t\t\t\t\t<div class=\"elementor-element elementor-element-5f15f0d animated-fast elementor-widget elementor-widget-heading\" data-id=\"5f15f0d\" data-element_type=\"widget\" data-settings=\"{&quot;_animation&quot;:&quot;none&quot;,&quot;_animation_delay&quot;:500}\" data-widget_type=\"heading.default\">\n\t\t\t\t<div class=\"elementor-widget-container\">\n\t\t\t\t\t<h2 class=\"elementor-heading-title elementor-size-default\">Die besondere Dynamik des Familienunternehmens<\/h2>\t\t\t\t<\/div>\n\t\t\t\t<\/div>\n\t\t\t\t<div class=\"elementor-element elementor-element-c2f5e86 animated-fast elementor-widget elementor-widget-text-editor\" data-id=\"c2f5e86\" data-element_type=\"widget\" data-settings=\"{&quot;_animation&quot;:&quot;none&quot;,&quot;_animation_delay&quot;:500}\" data-widget_type=\"text-editor.default\">\n\t\t\t\t<div class=\"elementor-widget-container\">\n\t\t\t\t\t\t\t\t\t<p class=\"p1\">Das Familienunternehmen hat in meinem Herzen einen besonderen Platz, weil ich selbst von einem Familienunternehmen komme. Die Kombination aus der oft emotionalen Familiendynamik, dem Einfluss der Generationen und den unterschiedlichen Rollen, die Familienmitglieder und andere gleichzeitig im Unternehmen haben, verleiht dieser Arbeit zus\u00e4tzliche Tiefe.<\/p><p class=\"p1\">Es steht mehr auf dem Spiel als nur wirtschaftliche Aspekte, vor allem nat\u00fcrlich bei der Regelung der Nachfolge. <span class=\"Apple-converted-space\">\u00a0<\/span><\/p><p class=\"p1\">Aufgrund dieser oft sensible Komplexit\u00e4t muss ich als Coach f\u00fcr mehrere Mitglieder gleichzeitig Partei ergreifen, um zu einer guten L\u00f6sung zu kommen.<span class=\"Apple-converted-space\">\u00a0<\/span><\/p><p class=\"p1\">Diese Prozesse stellen eine gro\u00dfe Herausforderung dar und sind nicht nur f\u00fcr die Teilnehmer, sondern auch f\u00fcr mich inspirierend und oft bewegend.<\/p>\t\t\t\t\t\t\t\t<\/div>\n\t\t\t\t<\/div>\n\t\t\t\t\t<\/div>\n\t\t<\/div>\n\t\t\t\t\t<\/div>\n\t\t<\/section>\n\t\t\t\t<section class=\"elementor-section elementor-top-section elementor-element elementor-element-43db459 elementor-section-boxed elementor-section-height-default elementor-section-height-default\" data-id=\"43db459\" data-element_type=\"section\">\n\t\t\t\t\t\t<div class=\"elementor-container elementor-column-gap-default\">\n\t\t\t\t\t<div class=\"elementor-column elementor-col-100 elementor-top-column elementor-element elementor-element-ec82429\" data-id=\"ec82429\" data-element_type=\"column\">\n\t\t\t<div class=\"elementor-widget-wrap elementor-element-populated\">\n\t\t\t\t\t\t<div class=\"elementor-element elementor-element-98f16e6 animated-fast elementor-widget elementor-widget-image\" data-id=\"98f16e6\" data-element_type=\"widget\" data-settings=\"{&quot;_animation&quot;:&quot;none&quot;,&quot;_animation_delay&quot;:500}\" data-widget_type=\"image.default\">\n\t\t\t\t<div class=\"elementor-widget-container\">\n\t\t\t\t\t\t\t\t\t\t\t\t\t\t\t<img fetchpriority=\"high\" decoding=\"async\" width=\"512\" height=\"512\" src=\"https:\/\/tilanus-cti.nl\/wp-content\/uploads\/2022\/06\/cropped-Logo.png\" class=\"attachment-large size-large wp-image-343\" alt=\"\" srcset=\"https:\/\/tilanus-cti.nl\/wp-content\/uploads\/2022\/06\/cropped-Logo.png 512w, https:\/\/tilanus-cti.nl\/wp-content\/uploads\/2022\/06\/cropped-Logo-300x300.png 300w, https:\/\/tilanus-cti.nl\/wp-content\/uploads\/2022\/06\/cropped-Logo-150x150.png 150w, https:\/\/tilanus-cti.nl\/wp-content\/uploads\/2022\/06\/cropped-Logo-270x270.png 270w, https:\/\/tilanus-cti.nl\/wp-content\/uploads\/2022\/06\/cropped-Logo-192x192.png 192w, https:\/\/tilanus-cti.nl\/wp-content\/uploads\/2022\/06\/cropped-Logo-180x180.png 180w, https:\/\/tilanus-cti.nl\/wp-content\/uploads\/2022\/06\/cropped-Logo-32x32.png 32w\" sizes=\"(max-width: 512px) 100vw, 512px\" \/>\t\t\t\t\t\t\t\t\t\t\t\t\t\t\t<\/div>\n\t\t\t\t<\/div>\n\t\t\t\t<div class=\"elementor-element elementor-element-7741160 animated-fast elementor-widget elementor-widget-heading\" data-id=\"7741160\" data-element_type=\"widget\" data-settings=\"{&quot;_animation&quot;:&quot;none&quot;,&quot;_animation_delay&quot;:500}\" data-widget_type=\"heading.default\">\n\t\t\t\t<div class=\"elementor-widget-container\">\n\t\t\t\t\t<h3 class=\"elementor-heading-title elementor-size-default\">Gehen Sie als Team den n\u00e4chsten Schritt und steigern Sie Effektivit\u00e4t, Zusammenarbeit und Arbeitszufriedenheit.<\/h3>\t\t\t\t<\/div>\n\t\t\t\t<\/div>\n\t\t\t\t<div class=\"elementor-element elementor-element-c81a384 elementor-align-center elementor-mobile-align-center animated-fast elementor-widget elementor-widget-button\" data-id=\"c81a384\" data-element_type=\"widget\" data-settings=\"{&quot;_animation&quot;:&quot;none&quot;,&quot;_animation_delay&quot;:500}\" data-widget_type=\"button.default\">\n\t\t\t\t<div class=\"elementor-widget-container\">\n\t\t\t\t\t\t\t\t\t<div class=\"elementor-button-wrapper\">\n\t\t\t\t\t<a class=\"elementor-button elementor-button-link elementor-size-sm\" href=\"https:\/\/tilanus-cti.nl\/de\/kontakt\/\">\n\t\t\t\t\t\t<span class=\"elementor-button-content-wrapper\">\n\t\t\t\t\t\t\t\t\t<span class=\"elementor-button-text\">Kontakt<\/span>\n\t\t\t\t\t<\/span>\n\t\t\t\t\t<\/a>\n\t\t\t\t<\/div>\n\t\t\t\t\t\t\t\t<\/div>\n\t\t\t\t<\/div>\n\t\t\t\t\t<\/div>\n\t\t<\/div>\n\t\t\t\t\t<\/div>\n\t\t<\/section>\n\t\t\t\t<\/div>\n\t\t","protected":false},"excerpt":{"rendered":"<p>Seit 2012 betreue ich Einzelpersonen und auch Teams in Organisationen in allen m\u00f6glichen L\u00e4ndern und Kulturen, insbesondere in Europa, Asien und dem Nahen Osten, von kleinen und mittleren Unternehmen bis hin zu multinationalen Konzernen und Familienunternehmen. Dabei ist es meine Leidenschaft, Menschen und Kulturen zusammenzubringen und dadurch Effektivit\u00e4t, Zusammenarbeit und Arbeitszufriedenheit zu steigern. Welche Ziele [&hellip;]<\/p>\n","protected":false},"author":1,"featured_media":0,"parent":0,"menu_order":0,"comment_status":"closed","ping_status":"closed","template":"","meta":{"footnotes":""},"class_list":["post-404","page","type-page","status-publish","hentry"],"yoast_head":"<!-- This site is optimized with the Yoast SEO plugin v25.0 - https:\/\/yoast.com\/wordpress\/plugins\/seo\/ -->\n<title>Teamcoaching und Moderation - Tilanus CTI<\/title>\n<meta name=\"description\" content=\"Gehen Sie als Team den n\u00e4chsten Schritt und steigern Sie Effektivit\u00e4t, Zusammenarbeit und Arbeitszufriedenheit. Mehr wissen? Kontaktieren Sie uns unverbindlich.\" \/>\n<meta name=\"robots\" content=\"index, follow, max-snippet:-1, max-image-preview:large, max-video-preview:-1\" \/>\n<link rel=\"canonical\" href=\"https:\/\/tilanus-cti.nl\/de\/teamcoaching-und-moderation\/\" \/>\n<meta property=\"og:locale\" content=\"de_DE\" \/>\n<meta property=\"og:type\" content=\"article\" \/>\n<meta property=\"og:title\" content=\"Teamcoaching und Moderation - Tilanus CTI\" \/>\n<meta property=\"og:description\" content=\"Gehen Sie als Team den n\u00e4chsten Schritt und steigern Sie Effektivit\u00e4t, Zusammenarbeit und Arbeitszufriedenheit. Mehr wissen? Kontaktieren Sie uns unverbindlich.\" \/>\n<meta property=\"og:url\" content=\"https:\/\/tilanus-cti.nl\/de\/teamcoaching-und-moderation\/\" \/>\n<meta property=\"og:site_name\" content=\"Tilanus CTI\" \/>\n<meta property=\"article:modified_time\" content=\"2022-10-12T14:53:19+00:00\" \/>\n<meta property=\"og:image\" content=\"https:\/\/tilanus-cti.nl\/wp-content\/uploads\/2022\/06\/cropped-Logo.png\" \/>\n<meta name=\"twitter:card\" content=\"summary_large_image\" \/>\n<meta name=\"twitter:label1\" content=\"Gesch\u00e4tzte Lesezeit\" \/>\n\t<meta name=\"twitter:data1\" content=\"2\u00a0Minuten\" \/>\n<script type=\"application\/ld+json\" class=\"yoast-schema-graph\">{\"@context\":\"https:\/\/schema.org\",\"@graph\":[{\"@type\":\"WebPage\",\"@id\":\"https:\/\/tilanus-cti.nl\/de\/teamcoaching-und-moderation\/\",\"url\":\"https:\/\/tilanus-cti.nl\/de\/teamcoaching-und-moderation\/\",\"name\":\"Teamcoaching und Moderation - Tilanus CTI\",\"isPartOf\":{\"@id\":\"https:\/\/tilanus-cti.nl\/de\/#website\"},\"primaryImageOfPage\":{\"@id\":\"https:\/\/tilanus-cti.nl\/de\/teamcoaching-und-moderation\/#primaryimage\"},\"image\":{\"@id\":\"https:\/\/tilanus-cti.nl\/de\/teamcoaching-und-moderation\/#primaryimage\"},\"thumbnailUrl\":\"https:\/\/tilanus-cti.nl\/wp-content\/uploads\/2022\/06\/cropped-Logo.png\",\"datePublished\":\"2022-06-24T04:29:11+00:00\",\"dateModified\":\"2022-10-12T14:53:19+00:00\",\"description\":\"Gehen Sie als Team den n\u00e4chsten Schritt und steigern Sie Effektivit\u00e4t, Zusammenarbeit und Arbeitszufriedenheit. Mehr wissen? Kontaktieren Sie uns unverbindlich.\",\"breadcrumb\":{\"@id\":\"https:\/\/tilanus-cti.nl\/de\/teamcoaching-und-moderation\/#breadcrumb\"},\"inLanguage\":\"de\",\"potentialAction\":[{\"@type\":\"ReadAction\",\"target\":[\"https:\/\/tilanus-cti.nl\/de\/teamcoaching-und-moderation\/\"]}]},{\"@type\":\"ImageObject\",\"inLanguage\":\"de\",\"@id\":\"https:\/\/tilanus-cti.nl\/de\/teamcoaching-und-moderation\/#primaryimage\",\"url\":\"https:\/\/tilanus-cti.nl\/wp-content\/uploads\/2022\/06\/cropped-Logo.png\",\"contentUrl\":\"https:\/\/tilanus-cti.nl\/wp-content\/uploads\/2022\/06\/cropped-Logo.png\"},{\"@type\":\"BreadcrumbList\",\"@id\":\"https:\/\/tilanus-cti.nl\/de\/teamcoaching-und-moderation\/#breadcrumb\",\"itemListElement\":[{\"@type\":\"ListItem\",\"position\":1,\"name\":\"Home\",\"item\":\"https:\/\/tilanus-cti.nl\/de\/\"},{\"@type\":\"ListItem\",\"position\":2,\"name\":\"Teamcoaching und Moderation\"}]},{\"@type\":\"WebSite\",\"@id\":\"https:\/\/tilanus-cti.nl\/de\/#website\",\"url\":\"https:\/\/tilanus-cti.nl\/de\/\",\"name\":\"Tilanus CTI\",\"description\":\"Coaching, Training, Interim-management\",\"publisher\":{\"@id\":\"https:\/\/tilanus-cti.nl\/de\/#organization\"},\"potentialAction\":[{\"@type\":\"SearchAction\",\"target\":{\"@type\":\"EntryPoint\",\"urlTemplate\":\"https:\/\/tilanus-cti.nl\/de\/?s={search_term_string}\"},\"query-input\":{\"@type\":\"PropertyValueSpecification\",\"valueRequired\":true,\"valueName\":\"search_term_string\"}}],\"inLanguage\":\"de\"},{\"@type\":\"Organization\",\"@id\":\"https:\/\/tilanus-cti.nl\/de\/#organization\",\"name\":\"Tilanus CTI\",\"url\":\"https:\/\/tilanus-cti.nl\/de\/\",\"logo\":{\"@type\":\"ImageObject\",\"inLanguage\":\"de\",\"@id\":\"https:\/\/tilanus-cti.nl\/de\/#\/schema\/logo\/image\/\",\"url\":\"https:\/\/tilanus-cti.nl\/wp-content\/uploads\/2022\/06\/web-footer-cti-2022-1.png\",\"contentUrl\":\"https:\/\/tilanus-cti.nl\/wp-content\/uploads\/2022\/06\/web-footer-cti-2022-1.png\",\"width\":1056,\"height\":152,\"caption\":\"Tilanus CTI\"},\"image\":{\"@id\":\"https:\/\/tilanus-cti.nl\/de\/#\/schema\/logo\/image\/\"}}]}<\/script>\n<!-- \/ Yoast SEO plugin. -->","yoast_head_json":{"title":"Teamcoaching und Moderation - Tilanus CTI","description":"Gehen Sie als Team den n\u00e4chsten Schritt und steigern Sie Effektivit\u00e4t, Zusammenarbeit und Arbeitszufriedenheit. Mehr wissen? Kontaktieren Sie uns unverbindlich.","robots":{"index":"index","follow":"follow","max-snippet":"max-snippet:-1","max-image-preview":"max-image-preview:large","max-video-preview":"max-video-preview:-1"},"canonical":"https:\/\/tilanus-cti.nl\/de\/teamcoaching-und-moderation\/","og_locale":"de_DE","og_type":"article","og_title":"Teamcoaching und Moderation - Tilanus CTI","og_description":"Gehen Sie als Team den n\u00e4chsten Schritt und steigern Sie Effektivit\u00e4t, Zusammenarbeit und Arbeitszufriedenheit. Mehr wissen? Kontaktieren Sie uns unverbindlich.","og_url":"https:\/\/tilanus-cti.nl\/de\/teamcoaching-und-moderation\/","og_site_name":"Tilanus CTI","article_modified_time":"2022-10-12T14:53:19+00:00","og_image":[{"url":"https:\/\/tilanus-cti.nl\/wp-content\/uploads\/2022\/06\/cropped-Logo.png","type":"","width":"","height":""}],"twitter_card":"summary_large_image","twitter_misc":{"Gesch\u00e4tzte Lesezeit":"2\u00a0Minuten"},"schema":{"@context":"https:\/\/schema.org","@graph":[{"@type":"WebPage","@id":"https:\/\/tilanus-cti.nl\/de\/teamcoaching-und-moderation\/","url":"https:\/\/tilanus-cti.nl\/de\/teamcoaching-und-moderation\/","name":"Teamcoaching und Moderation - Tilanus CTI","isPartOf":{"@id":"https:\/\/tilanus-cti.nl\/de\/#website"},"primaryImageOfPage":{"@id":"https:\/\/tilanus-cti.nl\/de\/teamcoaching-und-moderation\/#primaryimage"},"image":{"@id":"https:\/\/tilanus-cti.nl\/de\/teamcoaching-und-moderation\/#primaryimage"},"thumbnailUrl":"https:\/\/tilanus-cti.nl\/wp-content\/uploads\/2022\/06\/cropped-Logo.png","datePublished":"2022-06-24T04:29:11+00:00","dateModified":"2022-10-12T14:53:19+00:00","description":"Gehen Sie als Team den n\u00e4chsten Schritt und steigern Sie Effektivit\u00e4t, Zusammenarbeit und Arbeitszufriedenheit. Mehr wissen? Kontaktieren Sie uns unverbindlich.","breadcrumb":{"@id":"https:\/\/tilanus-cti.nl\/de\/teamcoaching-und-moderation\/#breadcrumb"},"inLanguage":"de","potentialAction":[{"@type":"ReadAction","target":["https:\/\/tilanus-cti.nl\/de\/teamcoaching-und-moderation\/"]}]},{"@type":"ImageObject","inLanguage":"de","@id":"https:\/\/tilanus-cti.nl\/de\/teamcoaching-und-moderation\/#primaryimage","url":"https:\/\/tilanus-cti.nl\/wp-content\/uploads\/2022\/06\/cropped-Logo.png","contentUrl":"https:\/\/tilanus-cti.nl\/wp-content\/uploads\/2022\/06\/cropped-Logo.png"},{"@type":"BreadcrumbList","@id":"https:\/\/tilanus-cti.nl\/de\/teamcoaching-und-moderation\/#breadcrumb","itemListElement":[{"@type":"ListItem","position":1,"name":"Home","item":"https:\/\/tilanus-cti.nl\/de\/"},{"@type":"ListItem","position":2,"name":"Teamcoaching und Moderation"}]},{"@type":"WebSite","@id":"https:\/\/tilanus-cti.nl\/de\/#website","url":"https:\/\/tilanus-cti.nl\/de\/","name":"Tilanus CTI","description":"Coaching, Training, Interim-management","publisher":{"@id":"https:\/\/tilanus-cti.nl\/de\/#organization"},"potentialAction":[{"@type":"SearchAction","target":{"@type":"EntryPoint","urlTemplate":"https:\/\/tilanus-cti.nl\/de\/?s={search_term_string}"},"query-input":{"@type":"PropertyValueSpecification","valueRequired":true,"valueName":"search_term_string"}}],"inLanguage":"de"},{"@type":"Organization","@id":"https:\/\/tilanus-cti.nl\/de\/#organization","name":"Tilanus CTI","url":"https:\/\/tilanus-cti.nl\/de\/","logo":{"@type":"ImageObject","inLanguage":"de","@id":"https:\/\/tilanus-cti.nl\/de\/#\/schema\/logo\/image\/","url":"https:\/\/tilanus-cti.nl\/wp-content\/uploads\/2022\/06\/web-footer-cti-2022-1.png","contentUrl":"https:\/\/tilanus-cti.nl\/wp-content\/uploads\/2022\/06\/web-footer-cti-2022-1.png","width":1056,"height":152,"caption":"Tilanus CTI"},"image":{"@id":"https:\/\/tilanus-cti.nl\/de\/#\/schema\/logo\/image\/"}}]}},"_links":{"self":[{"href":"https:\/\/tilanus-cti.nl\/de\/wp-json\/wp\/v2\/pages\/404","targetHints":{"allow":["GET"]}}],"collection":[{"href":"https:\/\/tilanus-cti.nl\/de\/wp-json\/wp\/v2\/pages"}],"about":[{"href":"https:\/\/tilanus-cti.nl\/de\/wp-json\/wp\/v2\/types\/page"}],"author":[{"embeddable":true,"href":"https:\/\/tilanus-cti.nl\/de\/wp-json\/wp\/v2\/users\/1"}],"replies":[{"embeddable":true,"href":"https:\/\/tilanus-cti.nl\/de\/wp-json\/wp\/v2\/comments?post=404"}],"version-history":[{"count":0,"href":"https:\/\/tilanus-cti.nl\/de\/wp-json\/wp\/v2\/pages\/404\/revisions"}],"wp:attachment":[{"href":"https:\/\/tilanus-cti.nl\/de\/wp-json\/wp\/v2\/media?parent=404"}],"curies":[{"name":"wp","href":"https:\/\/api.w.org\/{rel}","templated":true}]}}